{"id":710,"date":"2025-05-26T10:43:39","date_gmt":"2025-05-26T02:43:39","guid":{"rendered":"https:\/\/pajoaparts.com\/shop\/uncategorized\/pj814320042500\/"},"modified":"2025-05-26T10:47:04","modified_gmt":"2025-05-26T02:47:04","slug":"pj814320042500","status":"publish","type":"product","link":"https:\/\/pajoaparts.com\/pt\/loja\/pecas-de-trituradores-de-maxilas\/placas-de-maxilas\/pj814320042500\/","title":{"rendered":"Placa de mand\u00edbula estacion\u00e1ria C63 PJ814320042500"},"content":{"rendered":"","protected":false},"excerpt":{"rendered":"<p>Adapta\u00e7\u00e3o Metso<\/p>","protected":false},"featured_media":589,"template":"","meta":{"_joinchat":[]},"product_brand":[39,28,38],"product_cat":[29,37],"product_tag":[],"class_list":{"0":"post-710","1":"product","2":"type-product","3":"status-publish","4":"has-post-thumbnail","6":"product_brand-c63","7":"product_brand-metso-crusher-parts-replacement","8":"product_brand-norberg-c-lt-series","9":"product_cat-jaw-crusher-parts","10":"product_cat-jaw-plates","12":"first","13":"instock","14":"shipping-taxable","15":"purchasable","16":"product-type-simple"},"_links":{"self":[{"href":"https:\/\/pajoaparts.com\/pt\/wp-json\/wp\/v2\/product\/710","targetHints":{"allow":["GET"]}}],"collection":[{"href":"https:\/\/pajoaparts.com\/pt\/wp-json\/wp\/v2\/product"}],"about":[{"href":"https:\/\/pajoaparts.com\/pt\/wp-json\/wp\/v2\/types\/product"}],"wp:featuredmedia":[{"embeddable":true,"href":"https:\/\/pajoaparts.com\/pt\/wp-json\/wp\/v2\/media\/589"}],"wp:attachment":[{"href":"https:\/\/pajoaparts.com\/pt\/wp-json\/wp\/v2\/media?parent=710"}],"wp:term":[{"taxonomy":"product_brand","embeddable":true,"href":"https:\/\/pajoaparts.com\/pt\/wp-json\/wp\/v2\/product_brand?post=710"},{"taxonomy":"product_cat","embeddable":true,"href":"https:\/\/pajoaparts.com\/pt\/wp-json\/wp\/v2\/product_cat?post=710"},{"taxonomy":"product_tag","embeddable":true,"href":"https:\/\/pajoaparts.com\/pt\/wp-json\/wp\/v2\/product_tag?post=710"}],"curies":[{"name":"wp","href":"https:\/\/api.w.org\/{rel}","templated":true}]}}