{"id":692,"date":"2025-05-26T10:15:29","date_gmt":"2025-05-26T02:15:29","guid":{"rendered":"https:\/\/pajoaparts.com\/shop\/uncategorized\/pj814391378000\/"},"modified":"2025-05-26T10:18:31","modified_gmt":"2025-05-26T02:18:31","slug":"pj814391378000","status":"publish","type":"product","link":"https:\/\/pajoaparts.com\/pt\/loja\/pecas-de-trituradores-de-maxilas\/placas-de-maxilas\/pj814391378000\/","title":{"rendered":"C105 Placa da maxila m\u00f3vel PJ814391378000"},"content":{"rendered":"","protected":false},"excerpt":{"rendered":"<p>Adapta\u00e7\u00e3o Metso<\/p>","protected":false},"featured_media":533,"template":"","meta":{"_joinchat":[]},"product_brand":[84,28,38],"product_cat":[29,37],"product_tag":[],"class_list":{"0":"post-692","1":"product","2":"type-product","3":"status-publish","4":"has-post-thumbnail","6":"product_brand-c105","7":"product_brand-metso-crusher-parts-replacement","8":"product_brand-norberg-c-lt-series","9":"product_cat-jaw-crusher-parts","10":"product_cat-jaw-plates","12":"first","13":"instock","14":"shipping-taxable","15":"purchasable","16":"product-type-simple"},"_links":{"self":[{"href":"https:\/\/pajoaparts.com\/pt\/wp-json\/wp\/v2\/product\/692","targetHints":{"allow":["GET"]}}],"collection":[{"href":"https:\/\/pajoaparts.com\/pt\/wp-json\/wp\/v2\/product"}],"about":[{"href":"https:\/\/pajoaparts.com\/pt\/wp-json\/wp\/v2\/types\/product"}],"wp:featuredmedia":[{"embeddable":true,"href":"https:\/\/pajoaparts.com\/pt\/wp-json\/wp\/v2\/media\/533"}],"wp:attachment":[{"href":"https:\/\/pajoaparts.com\/pt\/wp-json\/wp\/v2\/media?parent=692"}],"wp:term":[{"taxonomy":"product_brand","embeddable":true,"href":"https:\/\/pajoaparts.com\/pt\/wp-json\/wp\/v2\/product_brand?post=692"},{"taxonomy":"product_cat","embeddable":true,"href":"https:\/\/pajoaparts.com\/pt\/wp-json\/wp\/v2\/product_cat?post=692"},{"taxonomy":"product_tag","embeddable":true,"href":"https:\/\/pajoaparts.com\/pt\/wp-json\/wp\/v2\/product_tag?post=692"}],"curies":[{"name":"wp","href":"https:\/\/api.w.org\/{rel}","templated":true}]}}