{"id":1635,"date":"2025-06-09T12:11:37","date_gmt":"2025-06-09T04:11:37","guid":{"rendered":"https:\/\/pajoaparts.com\/shop\/uncategorized\/pj1094482222\/"},"modified":"2025-06-09T15:24:29","modified_gmt":"2025-06-09T07:24:29","slug":"pj1094482222","status":"publish","type":"product","link":"https:\/\/pajoaparts.com\/pt\/loja\/pecas-para-trituradores-de-cone\/tigela\/pj1094482222\/","title":{"rendered":"Ta\u00e7a padr\u00e3o de 7 p\u00e9s PJ1094482222"},"content":{"rendered":"","protected":false},"excerpt":{"rendered":"<p>Fit Symons<\/p>","protected":false},"featured_media":1633,"template":"","meta":{"_joinchat":[]},"product_brand":[179,32],"product_cat":[317,26],"product_tag":[],"class_list":{"0":"post-1635","1":"product","2":"type-product","3":"status-publish","4":"has-post-thumbnail","6":"product_brand-7ft","7":"product_brand-symons","8":"product_cat-bowl","9":"product_cat-cone-crusher-parts","11":"first","12":"instock","13":"shipping-taxable","14":"purchasable","15":"product-type-simple"},"_links":{"self":[{"href":"https:\/\/pajoaparts.com\/pt\/wp-json\/wp\/v2\/product\/1635","targetHints":{"allow":["GET"]}}],"collection":[{"href":"https:\/\/pajoaparts.com\/pt\/wp-json\/wp\/v2\/product"}],"about":[{"href":"https:\/\/pajoaparts.com\/pt\/wp-json\/wp\/v2\/types\/product"}],"wp:featuredmedia":[{"embeddable":true,"href":"https:\/\/pajoaparts.com\/pt\/wp-json\/wp\/v2\/media\/1633"}],"wp:attachment":[{"href":"https:\/\/pajoaparts.com\/pt\/wp-json\/wp\/v2\/media?parent=1635"}],"wp:term":[{"taxonomy":"product_brand","embeddable":true,"href":"https:\/\/pajoaparts.com\/pt\/wp-json\/wp\/v2\/product_brand?post=1635"},{"taxonomy":"product_cat","embeddable":true,"href":"https:\/\/pajoaparts.com\/pt\/wp-json\/wp\/v2\/product_cat?post=1635"},{"taxonomy":"product_tag","embeddable":true,"href":"https:\/\/pajoaparts.com\/pt\/wp-json\/wp\/v2\/product_tag?post=1635"}],"curies":[{"name":"wp","href":"https:\/\/api.w.org\/{rel}","templated":true}]}}