{"id":1517,"date":"2025-06-04T15:35:32","date_gmt":"2025-06-04T07:35:32","guid":{"rendered":"https:\/\/pajoaparts.com\/shop\/uncategorized\/pj949611870900\/"},"modified":"2025-06-04T16:03:59","modified_gmt":"2025-06-04T08:03:59","slug":"pj949611870900","status":"publish","type":"product","link":"https:\/\/pajoaparts.com\/pt\/loja\/pecas-de-trituradores-de-maxilas\/eixo-excentrico\/pj949611870900\/","title":{"rendered":"Eixo exc\u00eantrico C63 PJ949611870900"},"content":{"rendered":"","protected":false},"excerpt":{"rendered":"<p>Adapta\u00e7\u00e3o Metso<\/p>","protected":false},"featured_media":589,"template":"","meta":{"_joinchat":[]},"product_brand":[39,28,38],"product_cat":[29,312],"product_tag":[],"class_list":{"0":"post-1517","1":"product","2":"type-product","3":"status-publish","4":"has-post-thumbnail","6":"product_brand-c63","7":"product_brand-metso-crusher-parts-replacement","8":"product_brand-norberg-c-lt-series","9":"product_cat-jaw-crusher-parts","10":"product_cat-eccentric-shaft","12":"first","13":"instock","14":"shipping-taxable","15":"purchasable","16":"product-type-simple"},"_links":{"self":[{"href":"https:\/\/pajoaparts.com\/pt\/wp-json\/wp\/v2\/product\/1517","targetHints":{"allow":["GET"]}}],"collection":[{"href":"https:\/\/pajoaparts.com\/pt\/wp-json\/wp\/v2\/product"}],"about":[{"href":"https:\/\/pajoaparts.com\/pt\/wp-json\/wp\/v2\/types\/product"}],"wp:featuredmedia":[{"embeddable":true,"href":"https:\/\/pajoaparts.com\/pt\/wp-json\/wp\/v2\/media\/589"}],"wp:attachment":[{"href":"https:\/\/pajoaparts.com\/pt\/wp-json\/wp\/v2\/media?parent=1517"}],"wp:term":[{"taxonomy":"product_brand","embeddable":true,"href":"https:\/\/pajoaparts.com\/pt\/wp-json\/wp\/v2\/product_brand?post=1517"},{"taxonomy":"product_cat","embeddable":true,"href":"https:\/\/pajoaparts.com\/pt\/wp-json\/wp\/v2\/product_cat?post=1517"},{"taxonomy":"product_tag","embeddable":true,"href":"https:\/\/pajoaparts.com\/pt\/wp-json\/wp\/v2\/product_tag?post=1517"}],"curies":[{"name":"wp","href":"https:\/\/api.w.org\/{rel}","templated":true}]}}