{"id":1013,"date":"2025-05-27T21:05:13","date_gmt":"2025-05-27T13:05:13","guid":{"rendered":"https:\/\/pajoaparts.com\/shop\/uncategorized\/pj171551\/"},"modified":"2025-06-05T15:55:44","modified_gmt":"2025-06-05T07:55:44","slug":"pj171551","status":"publish","type":"product","link":"https:\/\/pajoaparts.com\/pt\/loja\/pecas-para-trituradores-de-cone\/buchas-excentricas\/pj171551\/","title":{"rendered":"Casquilho exc\u00eantrico GP200 PJ171551"},"content":{"rendered":"","protected":false},"excerpt":{"rendered":"<p>Adapta\u00e7\u00e3o Metso<\/p>","protected":false},"featured_media":589,"template":"","meta":{"_joinchat":[]},"product_brand":[137,28,167],"product_cat":[26,174],"product_tag":[27],"class_list":{"0":"post-1013","1":"product","2":"type-product","3":"status-publish","4":"has-post-thumbnail","6":"product_brand-gp200","7":"product_brand-metso-crusher-parts-replacement","8":"product_brand-nordberg-gp-series","9":"product_cat-cone-crusher-parts","10":"product_cat-eccentric-bushings","11":"product_tag-bushings","13":"first","14":"instock","15":"shipping-taxable","16":"purchasable","17":"product-type-simple"},"_links":{"self":[{"href":"https:\/\/pajoaparts.com\/pt\/wp-json\/wp\/v2\/product\/1013","targetHints":{"allow":["GET"]}}],"collection":[{"href":"https:\/\/pajoaparts.com\/pt\/wp-json\/wp\/v2\/product"}],"about":[{"href":"https:\/\/pajoaparts.com\/pt\/wp-json\/wp\/v2\/types\/product"}],"wp:featuredmedia":[{"embeddable":true,"href":"https:\/\/pajoaparts.com\/pt\/wp-json\/wp\/v2\/media\/589"}],"wp:attachment":[{"href":"https:\/\/pajoaparts.com\/pt\/wp-json\/wp\/v2\/media?parent=1013"}],"wp:term":[{"taxonomy":"product_brand","embeddable":true,"href":"https:\/\/pajoaparts.com\/pt\/wp-json\/wp\/v2\/product_brand?post=1013"},{"taxonomy":"product_cat","embeddable":true,"href":"https:\/\/pajoaparts.com\/pt\/wp-json\/wp\/v2\/product_cat?post=1013"},{"taxonomy":"product_tag","embeddable":true,"href":"https:\/\/pajoaparts.com\/pt\/wp-json\/wp\/v2\/product_tag?post=1013"}],"curies":[{"name":"wp","href":"https:\/\/api.w.org\/{rel}","templated":true}]}}