{"id":749,"date":"2025-05-26T13:39:03","date_gmt":"2025-05-26T05:39:03","guid":{"rendered":"https:\/\/pajoaparts.com\/shop\/uncategorized\/pjj6260000\/"},"modified":"2025-08-28T09:11:39","modified_gmt":"2025-08-28T01:11:39","slug":"pjj6260000","status":"publish","type":"product","link":"https:\/\/pajoaparts.com\/de\/shop\/teile-fur-backenbrecher\/backenplatten\/pjj6260000\/","title":{"rendered":"QJ240 \/ QJ241 \/ C10 \/ C10+ Schwenkbackenplatte mit gro\u00dfen Z\u00e4hnen PJJ6260000"},"content":{"rendered":"","protected":false},"excerpt":{"rendered":"<p>Passend f\u00fcr Sandvik<\/p>","protected":false},"featured_media":589,"template":"","meta":{"_joinchat":[]},"product_brand":[34,118,58,117,57],"product_cat":[29,37],"product_tag":[],"class_list":{"0":"post-749","1":"product","2":"type-product","3":"status-publish","4":"has-post-thumbnail","6":"product_brand-sandvik-crusher-parts-replacement","7":"product_brand-extec-c10","8":"product_brand-jm-j-extec","9":"product_brand-qi240","10":"product_brand-uj-qj-series","11":"product_cat-jaw-crusher-parts","12":"product_cat-jaw-plates","14":"first","15":"instock","16":"shipping-taxable","17":"purchasable","18":"product-type-simple"},"_links":{"self":[{"href":"https:\/\/pajoaparts.com\/de\/wp-json\/wp\/v2\/product\/749","targetHints":{"allow":["GET"]}}],"collection":[{"href":"https:\/\/pajoaparts.com\/de\/wp-json\/wp\/v2\/product"}],"about":[{"href":"https:\/\/pajoaparts.com\/de\/wp-json\/wp\/v2\/types\/product"}],"wp:featuredmedia":[{"embeddable":true,"href":"https:\/\/pajoaparts.com\/de\/wp-json\/wp\/v2\/media\/589"}],"wp:attachment":[{"href":"https:\/\/pajoaparts.com\/de\/wp-json\/wp\/v2\/media?parent=749"}],"wp:term":[{"taxonomy":"product_brand","embeddable":true,"href":"https:\/\/pajoaparts.com\/de\/wp-json\/wp\/v2\/product_brand?post=749"},{"taxonomy":"product_cat","embeddable":true,"href":"https:\/\/pajoaparts.com\/de\/wp-json\/wp\/v2\/product_cat?post=749"},{"taxonomy":"product_tag","embeddable":true,"href":"https:\/\/pajoaparts.com\/de\/wp-json\/wp\/v2\/product_tag?post=749"}],"curies":[{"name":"wp","href":"https:\/\/api.w.org\/{rel}","templated":true}]}}